 {"id":2074,"date":"2021-11-22T13:01:17","date_gmt":"2021-11-22T16:01:17","guid":{"rendered":"https:\/\/hoteldestinosur.com\/web\/?page_id=2074"},"modified":"2024-10-25T14:18:18","modified_gmt":"2024-10-25T17:18:18","slug":"programas-especiales","status":"publish","type":"page","link":"https:\/\/hoteldestinosur.com\/web\/es\/programas-especiales\/","title":{"rendered":"Programas especiales"},"content":{"rendered":"<div data-vc-full-width=\"true\" data-vc-full-width-init=\"false\" class=\"vc_row wpb_row vc_row-fluid vc_custom_1504096179172 vc_row-has-fill\"><div class=\"wpb_column vc_column_container vc_col-sm-12\" id=\"section_slides\"><div class=\"vc_column-inner\"><div class=\"wpb_wrapper\"><div class=\"vc_row wpb_row vc_inner vc_row-fluid\"><div class=\"wpb_column vc_column_container vc_col-sm-12\"><div class=\"vc_column-inner\"><div class=\"wpb_wrapper\"> <h1 style=\"color:#1c1c1c;padding:px;text-align:center;font-size:35px;line-height:px;letter-spacing: px;font-weight:normal\" class=\"  nd_options_font_size_40_important_all_iphone nd_options_line_height_40_important_all_iphone nd_options_first_font \">Programas especiales<\/h1> <div style=\"background-color:;height: 15px\" class=\"nicdark_section  \"><\/div>\n    <div class=\"nd_options_section nd_options_line_height_0  nd_options_text_align_center \">\n        <span style=\"height:2px;width:50px;background-color:#006652\" class=\"nd_options_display_inline_block\"><\/span>\n    <\/div>\n   <\/div><\/div><\/div><\/div><div class=\"vc_row wpb_row vc_inner vc_row-fluid vc_custom_1637603312771 vc_row-o-equal-height vc_row-o-content-middle vc_row-flex\"><div class=\"wpb_column vc_column_container vc_col-sm-6 vc_col-has-fill\"><div class=\"vc_column-inner vc_custom_1637598173924\"><div class=\"wpb_wrapper\"> <p style=\"color:#878787;padding:px;text-align:center;font-size:14px;line-height:27px;letter-spacing: 2px;font-weight:normal\" class=\"  titulo-peq nd_options_second_font \">DURANTE EL MES DE MARZO*<\/p> <div style=\"background-color:;height: 10px\" class=\"nicdark_section  \"><\/div>\n    <div class=\"nd_options_section nd_options_line_height_0  nd_options_text_align_center \">\n        <span style=\"height:1px;width:30px;background-color:#878787\" class=\"nd_options_display_inline_block\"><\/span>\n    <\/div>\n   <div style=\"background-color:;height: 20px\" class=\"nicdark_section  \"><\/div> <h1 style=\"color:#1c1c1c;padding:px;text-align:center;font-size:35px;line-height:px;letter-spacing: px;font-weight:normal\" class=\"   nd_options_first_font \">Runners<\/h1> <div style=\"background-color:;height: 20px\" class=\"nicdark_section  \"><\/div>\n\t<div class=\"wpb_text_column wpb_content_element \" >\n\t\t<div class=\"wpb_wrapper\">\n\t\t\t<div style=\"text-align: center; font-size: 16px;\">Viv\u00ed la \u201cFiesta Nacional de Trekking\u201d, participando de la &#8220;Bajada del Torre&#8221; (11 kil\u00f3metros por senderos de monta\u00f1a con un desnivel de 200 metros) o el \u201cDesaf\u00edo de los Refugios\u201d (prueba de resistencia de tipo cross country).<\/div>\n<div style=\"text-align: center; font-size: 14px; margin-top: 20px;\"><em>(*) Fecha a confirmar<\/em><\/div>\n\n\t\t<\/div>\n\t<\/div>\n<\/div><\/div><\/div><div class=\"wpb_column vc_column_container vc_col-sm-6\"><div class=\"vc_column-inner vc_custom_1501067436841\"><div class=\"wpb_wrapper\">\n\t<div  class=\"wpb_single_image wpb_content_element vc_align_left\">\n\t\t\n\t\t<figure class=\"wpb_wrapper vc_figure\">\n\t\t\t<div class=\"vc_single_image-wrapper   vc_box_border_grey\"><img loading=\"lazy\" decoding=\"async\" width=\"585\" height=\"585\" src=\"https:\/\/hoteldestinosur.com\/web\/wp-content\/uploads\/2021\/11\/runner.jpg\" class=\"vc_single_image-img attachment-full\" alt=\"\" srcset=\"https:\/\/hoteldestinosur.com\/web\/wp-content\/uploads\/2021\/11\/runner.jpg 585w, https:\/\/hoteldestinosur.com\/web\/wp-content\/uploads\/2021\/11\/runner-300x300.jpg 300w, https:\/\/hoteldestinosur.com\/web\/wp-content\/uploads\/2021\/11\/runner-150x150.jpg 150w\" sizes=\"auto, (max-width: 585px) 100vw, 585px\" \/><\/div>\n\t\t<\/figure>\n\t<\/div>\n<\/div><\/div><\/div><\/div><div class=\"vc_row wpb_row vc_inner vc_row-fluid vc_custom_1501078196605 vc_row-o-equal-height vc_row-o-content-middle vc_row-flex\"><div class=\"wpb_column vc_column_container vc_col-sm-6\"><div class=\"vc_column-inner vc_custom_1501076362840\"><div class=\"wpb_wrapper\">\n\t<div  class=\"wpb_single_image wpb_content_element vc_align_left\">\n\t\t\n\t\t<figure class=\"wpb_wrapper vc_figure\">\n\t\t\t<div class=\"vc_single_image-wrapper   vc_box_border_grey\"><img loading=\"lazy\" decoding=\"async\" width=\"585\" height=\"585\" src=\"https:\/\/hoteldestinosur.com\/web\/wp-content\/uploads\/2021\/11\/fotografos.jpg\" class=\"vc_single_image-img attachment-full\" alt=\"\" srcset=\"https:\/\/hoteldestinosur.com\/web\/wp-content\/uploads\/2021\/11\/fotografos.jpg 585w, https:\/\/hoteldestinosur.com\/web\/wp-content\/uploads\/2021\/11\/fotografos-300x300.jpg 300w, https:\/\/hoteldestinosur.com\/web\/wp-content\/uploads\/2021\/11\/fotografos-150x150.jpg 150w\" sizes=\"auto, (max-width: 585px) 100vw, 585px\" \/><\/div>\n\t\t<\/figure>\n\t<\/div>\n<\/div><\/div><\/div><div class=\"wpb_column vc_column_container vc_col-sm-6 vc_col-has-fill\"><div class=\"vc_column-inner vc_custom_1637601923197\"><div class=\"wpb_wrapper\"> <p style=\"color:#878787;padding:px;text-align:center;font-size:14px;line-height:27px;letter-spacing: 2px;font-weight:normal\" class=\"  titulo-peq nd_options_second_font \">DURANTE EL MES DE ABRIL*<\/p> <div style=\"background-color:;height: 10px\" class=\"nicdark_section  \"><\/div>\n    <div class=\"nd_options_section nd_options_line_height_0  nd_options_text_align_center \">\n        <span style=\"height:1px;width:30px;background-color:#878787\" class=\"nd_options_display_inline_block\"><\/span>\n    <\/div>\n   <div style=\"background-color:;height: 20px\" class=\"nicdark_section  \"><\/div> <h1 style=\"color:#1c1c1c;padding:px;text-align:center;font-size:35px;line-height:px;letter-spacing: px;font-weight:normal\" class=\"   nd_options_first_font \">Fot\u00f3grafos<\/h1> <div style=\"background-color:;height: 20px\" class=\"nicdark_section  \"><\/div>\n\t<div class=\"wpb_text_column wpb_content_element \" >\n\t\t<div class=\"wpb_wrapper\">\n\t\t\t<div style=\"text-align: center; font-size: 16px;\">El oto\u00f1o es la estaci\u00f3n preferida de los amantes de la fotograf\u00eda por el intenso color rojo de la vegetaci\u00f3n aut\u00f3ctona. Cada a\u00f1o, fot\u00f3grafos de todo el mundo llegan para poder guardar las vistas m\u00e1s espectaculares de los glaciares y la colorida vegetaci\u00f3n.<\/div>\n<div><\/div>\n<div style=\"text-align: center;\">Fot\u00f3grafos referentes de El Chalt\u00e9n:<\/div>\n<div style=\"text-align: center;\"><a href=\"https:\/\/www.instagram.com\/adaroangel\/\">@<em>adaroangel<\/em><\/a><em>\u00a0<a href=\"https:\/\/www.instagram.com\/ramirotorrents\/?hl=es\" target=\"_blank\" rel=\"noopener\"><em> @ramirotorrents <\/em><\/a><a href=\"https:\/\/www.instagram.com\/ari_lallana\/?hl=es\" target=\"_blank\" rel=\"noopener\"><em>@ari_lallana \u00a0@rodrigo.villar @luciano.bacchi.foto<\/em><\/a><\/em><\/div>\n<div><\/div>\n<div>\n<div class=\"tatsu-module tatsu-text-block-wrap tatsu-rJZrPAhTMj \">\n<div class=\"tatsu-text-inner tatsu-align-center clearfix\">\n<p><strong>PATAGONIA PHOTO WORKSHOP<\/strong> by <a href=\"https:\/\/www.ramirotorrents.com\/\">Ramiro Torrents<\/a><\/p>\n<p><a href=\"https:\/\/www.ramirotorrents.com\/patagonia-photo-workshop-2\/\">Exploring El Chalt\u00e9n<\/a> &#8211; March 2025<\/p>\n<p><a href=\"https:\/\/www.ramirotorrents.com\/patagonia-photo-workshop\/\">Autumn in El Chalt\u00e9n <\/a>&#8211; April 2025<\/p>\n<\/div>\n<\/div>\n<\/div>\n\n\t\t<\/div>\n\t<\/div>\n<\/div><\/div><\/div><\/div><div class=\"vc_row wpb_row vc_inner vc_row-fluid vc_custom_1637603332432 vc_row-o-equal-height vc_row-o-content-middle vc_row-flex\"><div class=\"wpb_column vc_column_container vc_col-sm-6 vc_col-has-fill\"><div class=\"vc_column-inner vc_custom_1637598173924\"><div class=\"wpb_wrapper\"> <p style=\"color:#878787;padding:px;text-align:center;font-size:14px;line-height:27px;letter-spacing: 2px;font-weight:normal\" class=\"  titulo-peq nd_options_second_font \">RECORRIDOS A MEDIDA<\/p> <div style=\"background-color:;height: 10px\" class=\"nicdark_section  \"><\/div>\n    <div class=\"nd_options_section nd_options_line_height_0  nd_options_text_align_center \">\n        <span style=\"height:1px;width:30px;background-color:#878787\" class=\"nd_options_display_inline_block\"><\/span>\n    <\/div>\n   <div style=\"background-color:;height: 20px\" class=\"nicdark_section  \"><\/div> <h1 style=\"color:#1c1c1c;padding:px;text-align:center;font-size:35px;line-height:px;letter-spacing: px;font-weight:normal\" class=\"   nd_options_first_font \">Ciclistas<\/h1> <div style=\"background-color:;height: 20px\" class=\"nicdark_section  \"><\/div>\n\t<div class=\"wpb_text_column wpb_content_element \" >\n\t\t<div class=\"wpb_wrapper\">\n\t\t\t<div style=\"text-align: center; font-size: 16px;\">Recorridos a medida con equipo de apoyo para grupos (a demanda), seg\u00fan el nivel de entrenamiento. Sujeto a condiciones clim\u00e1ticas, principalmente por la intensidad del viento.<\/div>\n<div style=\"margin-top: 20px; text-align: center; font-size: 14px;\"><em>Lago del desierto &#8211; El Chalt\u00e9n<\/em> (35 km camino de ripio, se sugiere realizar este tramo aunque es posible recorrerlo ida y vuelta).<\/div>\n<div style=\"margin-top: 5px; text-align: center; font-size: 14px;\"><em>El Chalt\u00e9n &#8211; Mirador del ca\u00f1ad\u00f3n<\/em> (30 km en asfalto). Se puede sumar descenso a Bah\u00eda T\u00fanel (16 km de ripio).<\/div>\n<div style=\"margin-top: 5px; text-align: center; font-size: 14px;\"><em>El Chalt\u00e9n \u2013 Puesto Kaiken Aike<\/em> (50 km en asfalto). Vistas del lago y glaciar Viedma. Vistas del cord\u00f3n monta\u00f1oso donde se destaca el cerro Fitz Roy, vista del glaciar Piedras Blancas.<\/div>\n<div style=\"margin-top: 5px; text-align: center; font-size: 14px;\"><em>El Chalt\u00e9n &#8211; La leona<\/em> (109 km en asfalto)<\/div>\n\n\t\t<\/div>\n\t<\/div>\n<\/div><\/div><\/div><div class=\"wpb_column vc_column_container vc_col-sm-6\"><div class=\"vc_column-inner vc_custom_1501067436841\"><div class=\"wpb_wrapper\">\n\t<div  class=\"wpb_single_image wpb_content_element vc_align_left\">\n\t\t\n\t\t<figure class=\"wpb_wrapper vc_figure\">\n\t\t\t<div class=\"vc_single_image-wrapper   vc_box_border_grey\"><img loading=\"lazy\" decoding=\"async\" width=\"585\" height=\"585\" src=\"https:\/\/hoteldestinosur.com\/web\/wp-content\/uploads\/2021\/11\/ciclistas.jpg\" class=\"vc_single_image-img attachment-full\" alt=\"\" srcset=\"https:\/\/hoteldestinosur.com\/web\/wp-content\/uploads\/2021\/11\/ciclistas.jpg 585w, https:\/\/hoteldestinosur.com\/web\/wp-content\/uploads\/2021\/11\/ciclistas-300x300.jpg 300w, https:\/\/hoteldestinosur.com\/web\/wp-content\/uploads\/2021\/11\/ciclistas-150x150.jpg 150w\" sizes=\"auto, (max-width: 585px) 100vw, 585px\" \/><\/div>\n\t\t<\/figure>\n\t<\/div>\n<\/div><\/div><\/div><\/div><\/div><\/div><\/div><\/div><div class=\"vc_row-full-width vc_clearfix\"><\/div>\n","protected":false},"excerpt":{"rendered":"Programas especiales DURANTE EL MES DE MARZO* Runners Viv\u00ed la \u201cFiesta Nacional de Trekking\u201d, participando de la \"Bajada del Torre\" (11 kil\u00f3metros por senderos de monta\u00f1a con un desnivel de 200 metros) o el \u201cDesaf\u00edo de los Refugios\u201d (prueba de resistencia de tipo cross country). (*) Fecha a confirmar DURANTE EL MES DE ABRIL* Fot\u00f3grafos [...]","protected":false},"author":1,"featured_media":0,"parent":0,"menu_order":0,"comment_status":"closed","ping_status":"closed","template":"","meta":{"_joinchat":[],"footnotes":""},"class_list":["post-2074","page","type-page","status-publish","hentry"],"_links":{"self":[{"href":"https:\/\/hoteldestinosur.com\/web\/es\/wp-json\/wp\/v2\/pages\/2074","targetHints":{"allow":["GET"]}}],"collection":[{"href":"https:\/\/hoteldestinosur.com\/web\/es\/wp-json\/wp\/v2\/pages"}],"about":[{"href":"https:\/\/hoteldestinosur.com\/web\/es\/wp-json\/wp\/v2\/types\/page"}],"author":[{"embeddable":true,"href":"https:\/\/hoteldestinosur.com\/web\/es\/wp-json\/wp\/v2\/users\/1"}],"replies":[{"embeddable":true,"href":"https:\/\/hoteldestinosur.com\/web\/es\/wp-json\/wp\/v2\/comments?post=2074"}],"version-history":[{"count":28,"href":"https:\/\/hoteldestinosur.com\/web\/es\/wp-json\/wp\/v2\/pages\/2074\/revisions"}],"predecessor-version":[{"id":2607,"href":"https:\/\/hoteldestinosur.com\/web\/es\/wp-json\/wp\/v2\/pages\/2074\/revisions\/2607"}],"wp:attachment":[{"href":"https:\/\/hoteldestinosur.com\/web\/es\/wp-json\/wp\/v2\/media?parent=2074"}],"curies":[{"name":"wp","href":"https:\/\/api.w.org\/{rel}","templated":true}]}}